{"id":31,"date":"2009-04-23T12:28:15","date_gmt":"2009-04-23T10:28:15","guid":{"rendered":"http:\/\/blog.fenger.pl\/?page_id=31"},"modified":"2018-06-25T16:54:32","modified_gmt":"2018-06-25T14:54:32","slug":"kontakt","status":"publish","type":"page","link":"https:\/\/www.fenger.pl\/blog\/kontakt\/","title":{"rendered":"Kontakt"},"content":{"rendered":"<p style=\"text-align: justify;\">Wszystkie prezentowane zdj\u0119cia obj\u0119te s\u0105 prawami autorskimi nale\u017c\u0105cymi do Marcina Fenger. Je\u015bli chcesz wykorzysta\u0107 prace do swojego projektu skontaktuj si\u0119 i uzgodnij warunki licencji.<\/p>\n<p style=\"text-align: left;\"><strong>marcin(at)fenger.pl<\/strong><\/p>\n<p style=\"text-align: left;\"><strong>tel. 886 550 007<\/strong><\/p>\n<!-- AddThis Advanced Settings generic via filter on the_content --><!-- AddThis Share Buttons generic via filter on the_content -->","protected":false},"excerpt":{"rendered":"<p>Wszystkie prezentowane zdj\u0119cia obj\u0119te s\u0105 prawami autorskimi nale\u017c\u0105cymi do Marcina Fenger. Je\u015bli chcesz wykorzysta\u0107 prace do swojego projektu skontaktuj si\u0119 i uzgodnij warunki licencji. marcin(at)fenger.pl tel. 886 550 007<!-- AddThis Advanced Settings generic via filter on get_the_excerpt --><!-- AddThis Share Buttons generic via filter on get_the_excerpt --><\/p>\n","protected":false},"author":2,"featured_media":0,"parent":0,"menu_order":0,"comment_status":"closed","ping_status":"closed","template":"","meta":{"ngg_post_thumbnail":0,"footnotes":""},"class_list":["post-31","page","type-page","status-publish","hentry"],"_links":{"self":[{"href":"https:\/\/www.fenger.pl\/blog\/wp-json\/wp\/v2\/pages\/31","targetHints":{"allow":["GET"]}}],"collection":[{"href":"https:\/\/www.fenger.pl\/blog\/wp-json\/wp\/v2\/pages"}],"about":[{"href":"https:\/\/www.fenger.pl\/blog\/wp-json\/wp\/v2\/types\/page"}],"author":[{"embeddable":true,"href":"https:\/\/www.fenger.pl\/blog\/wp-json\/wp\/v2\/users\/2"}],"replies":[{"embeddable":true,"href":"https:\/\/www.fenger.pl\/blog\/wp-json\/wp\/v2\/comments?post=31"}],"version-history":[{"count":13,"href":"https:\/\/www.fenger.pl\/blog\/wp-json\/wp\/v2\/pages\/31\/revisions"}],"predecessor-version":[{"id":387,"href":"https:\/\/www.fenger.pl\/blog\/wp-json\/wp\/v2\/pages\/31\/revisions\/387"}],"wp:attachment":[{"href":"https:\/\/www.fenger.pl\/blog\/wp-json\/wp\/v2\/media?parent=31"}],"curies":[{"name":"wp","href":"https:\/\/api.w.org\/{rel}","templated":true}]}}